{"id":6047,"date":"2025-01-06T15:53:45","date_gmt":"2025-01-06T12:53:45","guid":{"rendered":"https:\/\/effectpublishing.com\/?page_id=6047"},"modified":"2025-01-25T22:34:43","modified_gmt":"2025-01-25T19:34:43","slug":"academic-manuscript","status":"publish","type":"page","link":"https:\/\/effectpublishing.com\/en\/academic-manuscript\/","title":{"rendered":"Academic Article"},"content":{"rendered":"<div data-elementor-type=\"wp-page\" data-elementor-id=\"6047\" class=\"elementor elementor-6047\">\n\t\t\t\t\t\t<section class=\"elementor-section elementor-top-section elementor-element elementor-element-e1dd29d elementor-section-boxed elementor-section-height-default elementor-section-height-default\" data-id=\"e1dd29d\" data-element_type=\"section\">\n\t\t\t\t\t\t<div class=\"elementor-container elementor-column-gap-default\">\n\t\t\t\t\t<div class=\"elementor-column elementor-col-100 elementor-top-column elementor-element elementor-element-72ce8f4\" data-id=\"72ce8f4\" data-element_type=\"column\">\n\t\t\t<div class=\"elementor-widget-wrap elementor-element-populated\">\n\t\t\t\t\t\t<div class=\"elementor-element elementor-element-a673ea2 elementor-widget elementor-widget-heading\" data-id=\"a673ea2\" data-element_type=\"widget\" data-widget_type=\"heading.default\">\n\t\t\t\t<div class=\"elementor-widget-container\">\n\t\t\t\t\t<h2 class=\"elementor-heading-title elementor-size-default\">ACADEMIC ARTICLE DEVELOPMENT SERVICES<\/h2>\t\t\t\t<\/div>\n\t\t\t\t<\/div>\n\t\t\t\t<div class=\"elementor-element elementor-element-0e6a467 elementor-widget elementor-widget-text-editor\" data-id=\"0e6a467\" data-element_type=\"widget\" data-widget_type=\"text-editor.default\">\n\t\t\t\t<div class=\"elementor-widget-container\">\n\t\t\t\t\t\t\t\t\t<p>Academic Article Development Services offer comprehensive solutions specifically designed to meet the needs of researchers, academics and journals. These services aim to ensure that scientific articles meet quality standards, increase their visibility and increase their chances of success in the publication process.<\/p>\t\t\t\t\t\t\t\t<\/div>\n\t\t\t\t<\/div>\n\t\t\t\t<div class=\"elementor-element elementor-element-46825b0 efekliyazi elementor-widget elementor-widget-text-editor\" data-id=\"46825b0\" data-element_type=\"widget\" data-widget_type=\"text-editor.default\">\n\t\t\t\t<div class=\"elementor-widget-container\">\n\t\t\t\t\t\t\t\t\t<h3 style=\"text-align: left;\"><a href=\"\/en\/forms\/academic-manuscript-form\/\">For More Information and Professional Consulting <span style=\"color: #ff0000;\">Contact Us<\/span><\/a><\/h3>\t\t\t\t\t\t\t\t<\/div>\n\t\t\t\t<\/div>\n\t\t\t\t<div class=\"elementor-element elementor-element-11986fe elementor-widget elementor-widget-text-editor\" data-id=\"11986fe\" data-element_type=\"widget\" data-widget_type=\"text-editor.default\">\n\t\t\t\t<div class=\"elementor-widget-container\">\n\t\t\t\t\t\t\t\t\t<h3><strong>Service Content:<\/strong><\/h3>\t\t\t\t\t\t\t\t<\/div>\n\t\t\t\t<\/div>\n\t\t\t\t<div class=\"elementor-element elementor-element-839440c elementor-widget elementor-widget-text-editor\" data-id=\"839440c\" data-element_type=\"widget\" data-widget_type=\"text-editor.default\">\n\t\t\t\t<div class=\"elementor-widget-container\">\n\t\t\t\t\t\t\t\t\t<h4><strong>Language Editing and Proofreading<\/strong><\/h4><ul><li>Editing grammar, syntax, sentence structure and punctuation in English articles.<\/li><li>Ensuring compliance and consistency with academic writing standards.<\/li><li>High-quality language editing by native English speaking experts.<\/li><\/ul><h4><strong>Structural Adjustment<\/strong><\/h4><ul><li>Reorganize and improve the flow of the article.<\/li><li>Ensuring consistency between headings, subheadings, and sections.<\/li><li>Highlighting the main argument and key findings.<\/li><\/ul><h4><strong>Statistical Analysis and Data Validation<\/strong><\/h4><ul><li>Reviewing and reporting the accuracy of statistical methods used in research.<\/li><li>Analyze data, visualize it, and provide better understanding.<\/li><li>Validation with appropriate statistical tools to increase the reliability of the data.<\/li><\/ul><h4><strong>Plagiarism Detection and Revision<\/strong><\/h4><ul><li>Analyzing articles for plagiarism using professional software.<\/li><li>Editing potentially plagiarised sections and providing original content.<\/li><li>Provide guidance on preparing and correcting plagiarism reports.<\/li><\/ul><h4><strong>Journal Specific Formatting<\/strong><\/h4><ul><li>Adapting the article to the formatting requirements of the target journal (e.g., reference styles, table and figure formatting).<\/li><li>Ensuring that the article complies with the visual and layout guidelines of the journal.<\/li><\/ul><h4><strong>Shape and Table Optimization<\/strong><\/h4><ul><li>Bringing visual materials such as tables, graphs and diagrams into compliance with academic publishing standards.<\/li><li>Creating high-resolution, professional images.<\/li><li>Ensuring consistency and clarity in visual design.<\/li><\/ul><h4><strong>Preparation of Cover Letter and Supporting Documents<\/strong><\/h4><ul><li>Writing a compelling cover letter for magazine editors.<\/li><li>Prepare supporting documentation such as conflict of interest statements and ethical compliance statements.<\/li><\/ul><h4><strong>Pre-Submission Peer Review<\/strong><\/h4><ul><li>Evaluation of the article by experienced academics before submission.<\/li><li>Providing a detailed report on shortcomings and areas for improvement.<\/li><li>Preparing the article for submission with suggestions for revisions.<\/li><\/ul><h4><strong>Translation Services<\/strong><\/h4><ul><li>Academic translation services from local languages \u200b\u200bto English.<\/li><li>Providing professional level translation by ensuring scientific accuracy and semantic integrity.<\/li><\/ul><h4><strong>Post-Acceptance Revisions<\/strong><\/h4><ul><li>Providing revision support in response to feedback from journal editors or referees.<\/li><li>Make rapid adaptations to make the article publishable.<\/li><\/ul>\t\t\t\t\t\t\t\t<\/div>\n\t\t\t\t<\/div>\n\t\t\t\t<div class=\"elementor-element elementor-element-a4e3d87 elementor-widget elementor-widget-text-editor\" data-id=\"a4e3d87\" data-element_type=\"widget\" data-widget_type=\"text-editor.default\">\n\t\t\t\t<div class=\"elementor-widget-container\">\n\t\t\t\t\t\t\t\t\t<h4><strong>For Additional Information and Professional Consulting <a href=\"\/en\/contact\/\"><span style=\"color: #ff0000;\">Contact Us<\/span><\/a><\/strong><\/h4>\t\t\t\t\t\t\t\t<\/div>\n\t\t\t\t<\/div>\n\t\t\t\t\t<\/div>\n\t\t<\/div>\n\t\t\t\t\t<\/div>\n\t\t<\/section>\n\t\t\t\t<section class=\"elementor-section elementor-top-section elementor-element elementor-element-9f39d78 elementor-hidden-desktop elementor-hidden-tablet elementor-hidden-mobile elementor-section-boxed elementor-section-height-default elementor-section-height-default\" data-id=\"9f39d78\" data-element_type=\"section\" data-settings=\"{&quot;background_background&quot;:&quot;classic&quot;}\">\n\t\t\t\t\t\t<div class=\"elementor-container elementor-column-gap-default\">\n\t\t\t\t\t<div class=\"elementor-column elementor-col-100 elementor-top-column elementor-element elementor-element-446a11a\" data-id=\"446a11a\" data-element_type=\"column\">\n\t\t\t<div class=\"elementor-widget-wrap elementor-element-populated\">\n\t\t\t\t\t\t<div class=\"elementor-element elementor-element-55e16fe elementor-widget elementor-widget-ova_heading\" data-id=\"55e16fe\" data-element_type=\"widget\" data-widget_type=\"ova_heading.default\">\n\t\t\t\t<div class=\"elementor-widget-container\">\n\t\t\t\t\t\t\t<div class=\"ova-heading\">\n\t\t\t\n\t\t\t\t\t\t\t<h3 class=\"title second_font\">Professional Support Team<\/h3>\n\t\t\t\n\t\t\t\t\t\t\t<p class=\"sub-title\">We are always with you with our strong team.<\/p>\n\t\t\t\n\t\t<\/div>\n\t\t\t\t\t\t<\/div>\n\t\t\t\t<\/div>\n\t\t\t\t<div class=\"elementor-element elementor-element-24e50c7 elementor-widget elementor-widget-ova_team_slider\" data-id=\"24e50c7\" data-element_type=\"widget\" data-settings=\"{&quot;pause_on_hover&quot;:&quot;yes&quot;,&quot;infinite&quot;:&quot;yes&quot;,&quot;autoplay&quot;:&quot;yes&quot;,&quot;autoplay_speed&quot;:3000,&quot;dot_control&quot;:&quot;yes&quot;}\" data-widget_type=\"ova_team_slider.default\">\n\t\t\t\t<div class=\"elementor-widget-container\">\n\t\t\t\t\t\n<div class=\"container\">\n\t<div class=\"row\">\n\t\t<div class=\"ova-team-slider\">\n\t\t\t<div class=\"content slide-team owl-carousel owl-theme\" data-options=\"{&quot;items&quot;:3,&quot;slideBy&quot;:1,&quot;margin&quot;:30,&quot;autoplayHoverPause&quot;:true,&quot;loop&quot;:true,&quot;autoplay&quot;:true,&quot;autoplayTimeout&quot;:3000,&quot;smartSpeed&quot;:500,&quot;dots&quot;:true,&quot;rtl&quot;:false}\">\n\t\t\t\t\t\t\t\t\t<div class=\"items elementor-items\">\n\t\t\t\t\t\t<div class=\"content_info\">\n\t\t\t\t\t\t\t\t\t\t\t\t\t\t\t<div class=\"ova-media\">\n\t\t\t\t\t\t\t\t\t\t\t\t\t\t\t\t\t\t\t<a href=\"https:\/\/effectpublishing.com\/en\/team\/ozden-keser\/\" class=\"avata\" style=\"background-image: url(https:\/\/effectpublishing.com\/wp-content\/uploads\/2025\/01\/3243546789865.jpg)\" title=\"Media\">\n\t\t\t\t\t\t\t\t\t\t<\/a>\n\t\t\t\t\t\t\t\t\t\t\t\t\t\t\t\t\t<\/div>\n\t\t\t\t\t\t\t\t\t\t\t\t\t\t<div class=\"ova-info\">\n\t\t\t\t\t\t\t\t\t\t\t\t\t\t\t\t\t\t\t\t\t\t\t\t\t\t\t<a href=\"https:\/\/effectpublishing.com\/en\/team\/ozden-keser\/\" class=\"name second_font\" >\n\t\t\t\t\t\t\t\t\t\t\t\u00d6zden Keser\t\t\t\t\t\t\t\t\t\t<\/a>\n\t\t\t\t\t\t\t\t\t\t\t\t\t\t\t\t\t\t\t\t\t\t\t\t\t\t\t\t\t\t\t\t<\/div>\n\t\t\t\t\t\t<\/div>\n\t\t\t\t\t<\/div>\n\t\t\t\t\t\t\t\t\t<div class=\"items elementor-items\">\n\t\t\t\t\t\t<div class=\"content_info\">\n\t\t\t\t\t\t\t\t\t\t\t\t\t\t\t<div class=\"ova-media\">\n\t\t\t\t\t\t\t\t\t\t\t\t\t\t\t\t\t\t\t<a href=\"https:\/\/effectpublishing.com\/en\/team\/prof-dr-nevzat-erdil\/\" class=\"avata\" style=\"background-image: url(https:\/\/effectpublishing.com\/wp-content\/uploads\/2025\/01\/564345678.jpg)\" title=\"Media\">\n\t\t\t\t\t\t\t\t\t\t<\/a>\n\t\t\t\t\t\t\t\t\t\t\t\t\t\t\t\t\t<\/div>\n\t\t\t\t\t\t\t\t\t\t\t\t\t\t<div class=\"ova-info\">\n\t\t\t\t\t\t\t\t\t\t\t\t\t\t\t\t\t\t\t\t\t\t\t\t\t\t\t<a href=\"https:\/\/effectpublishing.com\/en\/team\/prof-dr-nevzat-erdil\/\" class=\"name second_font\" >\n\t\t\t\t\t\t\t\t\t\t\tProf. Dr. Nevzat Erdil\t\t\t\t\t\t\t\t\t\t<\/a>\n\t\t\t\t\t\t\t\t\t\t\t\t\t\t\t\t\t\t\t\t\t\t\t\t\t\t\t\t\t\t\t\t<\/div>\n\t\t\t\t\t\t<\/div>\n\t\t\t\t\t<\/div>\n\t\t\t\t\t\t\t\t\t<div class=\"items elementor-items\">\n\t\t\t\t\t\t<div class=\"content_info\">\n\t\t\t\t\t\t\t\t\t\t\t\t\t\t\t<div class=\"ova-media\">\n\t\t\t\t\t\t\t\t\t\t\t\t\t\t\t\t\t\t\t<a href=\"https:\/\/effectpublishing.com\/en\/team\/selcuk-yilmaz\/\" class=\"avata\" style=\"background-image: url(https:\/\/effectpublishing.com\/wp-content\/uploads\/2025\/01\/35466787654.jpg)\" title=\"Media\">\n\t\t\t\t\t\t\t\t\t\t<\/a>\n\t\t\t\t\t\t\t\t\t\t\t\t\t\t\t\t\t<\/div>\n\t\t\t\t\t\t\t\t\t\t\t\t\t\t<div class=\"ova-info\">\n\t\t\t\t\t\t\t\t\t\t\t\t\t\t\t\t\t\t\t\t\t\t\t\t\t\t\t<a href=\"https:\/\/effectpublishing.com\/en\/team\/selcuk-yilmaz\/\" class=\"name second_font\" >\n\t\t\t\t\t\t\t\t\t\t\tSel\u00e7uk Y\u0131lmaz\t\t\t\t\t\t\t\t\t\t<\/a>\n\t\t\t\t\t\t\t\t\t\t\t\t\t\t\t\t\t\t\t\t\t\t\t\t\t\t\t\t\t\t\t\t<\/div>\n\t\t\t\t\t\t<\/div>\n\t\t\t\t\t<\/div>\n\t\t\t\t\t\t\t\t\t<div class=\"items elementor-items\">\n\t\t\t\t\t\t<div class=\"content_info\">\n\t\t\t\t\t\t\t\t\t\t\t\t\t\t\t<div class=\"ova-media\">\n\t\t\t\t\t\t\t\t\t\t\t\t\t\t\t\t\t\t\t<a href=\"https:\/\/effectpublishing.com\/en\/team\/muhammed-mustafa-sayi\/\" class=\"avata\" style=\"background-image: url(https:\/\/effectpublishing.com\/wp-content\/uploads\/2025\/10\/Ekran-goruntusu-2025-10-01-175307.png)\" title=\"Media\">\n\t\t\t\t\t\t\t\t\t\t<\/a>\n\t\t\t\t\t\t\t\t\t\t\t\t\t\t\t\t\t<\/div>\n\t\t\t\t\t\t\t\t\t\t\t\t\t\t<div class=\"ova-info\">\n\t\t\t\t\t\t\t\t\t\t\t\t\t\t\t\t\t\t\t\t\t\t\t\t\t\t\t<a href=\"https:\/\/effectpublishing.com\/en\/team\/muhammed-mustafa-sayi\/\" class=\"name second_font\" >\n\t\t\t\t\t\t\t\t\t\t\tMuhammed Mustafa SAYI\t\t\t\t\t\t\t\t\t\t<\/a>\n\t\t\t\t\t\t\t\t\t\t\t\t\t\t\t\t\t\t\t\t\t\t\t\t\t\t\t\t\t\t\t\t<\/div>\n\t\t\t\t\t\t<\/div>\n\t\t\t\t\t<\/div>\n\t\t\t\t\t\t\t\t\t<div class=\"items elementor-items\">\n\t\t\t\t\t\t<div class=\"content_info\">\n\t\t\t\t\t\t\t\t\t\t\t\t\t\t\t<div class=\"ova-media\">\n\t\t\t\t\t\t\t\t\t\t\t\t\t\t\t\t\t\t\t<a href=\"https:\/\/effectpublishing.com\/en\/team\/beyza-nur-sayi\/\" class=\"avata\" style=\"background-image: url(https:\/\/effectpublishing.com\/wp-content\/uploads\/2025\/10\/Ekran-goruntusu-2025-10-01-173941.png)\" title=\"Media\">\n\t\t\t\t\t\t\t\t\t\t<\/a>\n\t\t\t\t\t\t\t\t\t\t\t\t\t\t\t\t\t<\/div>\n\t\t\t\t\t\t\t\t\t\t\t\t\t\t<div class=\"ova-info\">\n\t\t\t\t\t\t\t\t\t\t\t\t\t\t\t\t\t\t\t\t\t\t\t\t\t\t\t<a href=\"https:\/\/effectpublishing.com\/en\/team\/beyza-nur-sayi\/\" class=\"name second_font\" >\n\t\t\t\t\t\t\t\t\t\t\tBeyza Nur SAYI\t\t\t\t\t\t\t\t\t\t<\/a>\n\t\t\t\t\t\t\t\t\t\t\t\t\t\t\t\t\t\t\t\t\t\t\t\t\t\t\t\t\t\t\t\t<\/div>\n\t\t\t\t\t\t<\/div>\n\t\t\t\t\t<\/div>\n\t\t\t\t\t\t\t\t\t<div class=\"items elementor-items\">\n\t\t\t\t\t\t<div class=\"content_info\">\n\t\t\t\t\t\t\t\t\t\t\t\t\t\t\t<div class=\"ova-media\">\n\t\t\t\t\t\t\t\t\t\t\t\t\t\t\t\t\t\t\t<a href=\"https:\/\/effectpublishing.com\/en\/team\/furkan-kocak\/\" class=\"avata\" style=\"background-image: url(https:\/\/effectpublishing.com\/wp-content\/uploads\/2025\/10\/Ekran-goruntusu-2025-10-01-173951.png)\" title=\"Media\">\n\t\t\t\t\t\t\t\t\t\t<\/a>\n\t\t\t\t\t\t\t\t\t\t\t\t\t\t\t\t\t<\/div>\n\t\t\t\t\t\t\t\t\t\t\t\t\t\t<div class=\"ova-info\">\n\t\t\t\t\t\t\t\t\t\t\t\t\t\t\t\t\t\t\t\t\t\t\t\t\t\t\t<a href=\"https:\/\/effectpublishing.com\/en\/team\/furkan-kocak\/\" class=\"name second_font\" >\n\t\t\t\t\t\t\t\t\t\t\tFurkan KO\u00c7AK\t\t\t\t\t\t\t\t\t\t<\/a>\n\t\t\t\t\t\t\t\t\t\t\t\t\t\t\t\t\t\t\t\t\t\t\t\t\t\t\t\t\t\t\t\t<\/div>\n\t\t\t\t\t\t<\/div>\n\t\t\t\t\t<\/div>\n\t\t\t\t\t\t\t<\/div>\n\t\t<\/div>\n\t<\/div>\n<\/div>\t\t\t\t<\/div>\n\t\t\t\t<\/div>\n\t\t\t\t\t<\/div>\n\t\t<\/div>\n\t\t\t\t\t<\/div>\n\t\t<\/section>\n\t\t\t\t<\/div>","protected":false},"excerpt":{"rendered":"<p>AKADEM\u0130K MAKALE GEL\u0130\u015eT\u0130RME H\u0130ZMETLER\u0130 Akademik Makale Geli\u015ftirme Hizmetleri, ara\u015ft\u0131rmac\u0131lar\u0131n, akademisyenlerin ve dergilerin ihtiya\u00e7lar\u0131n\u0131 kar\u015f\u0131lamak \u00fczere \u00f6zel olarak tasarlanm\u0131\u015f kapsaml\u0131 \u00e7\u00f6z\u00fcmler sunar. Bu hizmetler, bilimsel makalelerin kalite standartlar\u0131n\u0131 kar\u015f\u0131lamas\u0131n\u0131, g\u00f6r\u00fcn\u00fcrl\u00fc\u011f\u00fcn\u00fcn artmas\u0131n\u0131 ve yay\u0131n s\u00fcrecinde ba\u015far\u0131 \u015fans\u0131n\u0131n y\u00fckselmesini sa\u011flamay\u0131 hedefler. Daha Fazla Bilgi ve Profesyonel Dan\u0131\u015fmanl\u0131k \u0130\u00e7in Bizimle \u0130leti\u015fime Ge\u00e7in Hizmet \u0130\u00e7eri\u011fi: Dil D\u00fczenleme ve D\u00fczeltme \u0130ngilizce [&hellip;]<\/p>","protected":false},"author":1,"featured_media":6159,"parent":0,"menu_order":0,"comment_status":"closed","ping_status":"closed","template":"elementor_header_footer","meta":{"footnotes":""},"class_list":["post-6047","page","type-page","status-publish","has-post-thumbnail","hentry"],"_links":{"self":[{"href":"https:\/\/effectpublishing.com\/en\/wp-json\/wp\/v2\/pages\/6047","targetHints":{"allow":["GET"]}}],"collection":[{"href":"https:\/\/effectpublishing.com\/en\/wp-json\/wp\/v2\/pages"}],"about":[{"href":"https:\/\/effectpublishing.com\/en\/wp-json\/wp\/v2\/types\/page"}],"author":[{"embeddable":true,"href":"https:\/\/effectpublishing.com\/en\/wp-json\/wp\/v2\/users\/1"}],"replies":[{"embeddable":true,"href":"https:\/\/effectpublishing.com\/en\/wp-json\/wp\/v2\/comments?post=6047"}],"version-history":[{"count":32,"href":"https:\/\/effectpublishing.com\/en\/wp-json\/wp\/v2\/pages\/6047\/revisions"}],"predecessor-version":[{"id":7313,"href":"https:\/\/effectpublishing.com\/en\/wp-json\/wp\/v2\/pages\/6047\/revisions\/7313"}],"wp:featuredmedia":[{"embeddable":true,"href":"https:\/\/effectpublishing.com\/en\/wp-json\/wp\/v2\/media\/6159"}],"wp:attachment":[{"href":"https:\/\/effectpublishing.com\/en\/wp-json\/wp\/v2\/media?parent=6047"}],"curies":[{"name":"wp","href":"https:\/\/api.w.org\/{rel}","templated":true}]}}