{"id":6075,"date":"2025-01-06T16:28:52","date_gmt":"2025-01-06T13:28:52","guid":{"rendered":"https:\/\/effectpublishing.com\/?page_id=6075"},"modified":"2025-01-25T22:38:26","modified_gmt":"2025-01-25T19:38:26","slug":"journal-publishing","status":"publish","type":"page","link":"https:\/\/effectpublishing.com\/en\/journal-publishing\/","title":{"rendered":"Journal Publishing"},"content":{"rendered":"<div data-elementor-type=\"wp-page\" data-elementor-id=\"6075\" class=\"elementor elementor-6075\">\n\t\t\t\t\t\t<section class=\"elementor-section elementor-top-section elementor-element elementor-element-e1dd29d elementor-section-boxed elementor-section-height-default elementor-section-height-default\" data-id=\"e1dd29d\" data-element_type=\"section\">\n\t\t\t\t\t\t<div class=\"elementor-container elementor-column-gap-default\">\n\t\t\t\t\t<div class=\"elementor-column elementor-col-100 elementor-top-column elementor-element elementor-element-72ce8f4\" data-id=\"72ce8f4\" data-element_type=\"column\">\n\t\t\t<div class=\"elementor-widget-wrap elementor-element-populated\">\n\t\t\t\t\t\t<div class=\"elementor-element elementor-element-a673ea2 elementor-widget elementor-widget-heading\" data-id=\"a673ea2\" data-element_type=\"widget\" data-widget_type=\"heading.default\">\n\t\t\t\t<div class=\"elementor-widget-container\">\n\t\t\t\t\t<h2 class=\"elementor-heading-title elementor-size-default\">ACADEMIC JOURNAL PUBLISHING SERVICES<\/h2>\t\t\t\t<\/div>\n\t\t\t\t<\/div>\n\t\t\t\t<div class=\"elementor-element elementor-element-8c201dc elementor-widget elementor-widget-text-editor\" data-id=\"8c201dc\" data-element_type=\"widget\" data-widget_type=\"text-editor.default\">\n\t\t\t\t<div class=\"elementor-widget-container\">\n\t\t\t\t\t\t\t\t\t<p>We make your journal perfect every step of the way with cutting-edge publishing solutions, from seamless submission processes to global recognition.<\/p>\t\t\t\t\t\t\t\t<\/div>\n\t\t\t\t<\/div>\n\t\t\t\t<div class=\"elementor-element elementor-element-451ff58 efekliyazi elementor-widget elementor-widget-text-editor\" data-id=\"451ff58\" data-element_type=\"widget\" data-widget_type=\"text-editor.default\">\n\t\t\t\t<div class=\"elementor-widget-container\">\n\t\t\t\t\t\t\t\t\t<h3 style=\"text-align: left;\"><a href=\"\/en\/forms\/journal-publishing-form\/\">For More Information and Professional Consulting <span style=\"color: #ff0000;\">Contact Us<\/span><\/a><\/h3>\t\t\t\t\t\t\t\t<\/div>\n\t\t\t\t<\/div>\n\t\t\t\t<div class=\"elementor-element elementor-element-839440c birsayfadabirbolgeyeozelcss elementor-widget elementor-widget-text-editor\" data-id=\"839440c\" data-element_type=\"widget\" data-widget_type=\"text-editor.default\">\n\t\t\t\t<div class=\"elementor-widget-container\">\n\t\t\t\t\t\t\t\t\t<h4>Daily Hosting and Website Development<\/h4><p>We offer modern, user-friendly, mobile-compatible and internationally standardized website design and hosting solutions for academic journals.<\/p><h4>Academic Article Development Submission and Peer Review Management<\/h4><p>By managing efficient online academic article development, submission and peer review processes, we provide your journals with a smooth and transparent publishing infrastructure.<\/p><h4>Editorial Workflow Optimization<\/h4><p>We offer custom-designed and optimized editorial workflows to speed up and streamline journal publishing processes.<\/p><h4>DOI Assignment and CrossRef Registration<\/h4><p>We provide DOI (Digital Object Identifier) \u200b\u200bassignment and CrossRef registration services to align your article titles with international publishing standards.<\/p><h4>Full-Text XML and Metadata Publishing<\/h4><p>We publish your content in XML format and create metadata compatible with international indexing platforms.<\/p><h4>Indexing and Summarization Support<\/h4><p>We offer guidance and support services for participation in international and national indexes such as Web of Science, Scopus, PubMed.<\/p><h4>Plagiarism Detection and Comprehensive Quality Assurance<\/h4><p>We detect plagiarism with tools such as iThenticate and increase publication quality with detailed reports.<\/p><h4>Language Editing and Proofreading<\/h4><p>We provide professional English editing and proofreading services to ensure that articles comply with international standards in terms of grammar, formatting and style.<\/p><h4>Statistical Analysis and Data Validation<\/h4><p>We ensure that the data used in academic article development is verified and statistical analyses are carried out with expert support.<\/p><h4>Global Content Distribution and Accessibility<\/h4><p>We offer global content distribution services to make your journal content easily accessible to researchers and academics around the world.<\/p><h4>Digital Publishing and Open Access Solutions<\/h4><p>We increase the accessibility of scientific content by developing digital publishing and open access models for journals.<\/p><h4>Content Marketing and Visibility Improvement<\/h4><p>We increase the impact of your magazine and articles with content marketing strategies including social media and SEO optimization.<\/p><h4>Annual Reporting and Analytics<\/h4><p>We prepare annual performance reports and article statistics to analyze your journal's performance in detail.<\/p><h4>Graphic Design and Visual Development<\/h4><p>We provide professional preparation of visual content such as magazine cover design, graphics and table arrangements.<\/p><h4>Branding and Corporate Identity Development<\/h4><p>We prepare logo design, corporate identity development and brand visuals to strengthen your magazine identity.<\/p><h4>Marketing and Promotion Campaigns<\/h4><p>We effectively promote your magazine and articles through social media management, email sending and customized marketing campaigns.<\/p>\t\t\t\t\t\t\t\t<\/div>\n\t\t\t\t<\/div>\n\t\t\t\t\t<\/div>\n\t\t<\/div>\n\t\t\t\t\t<\/div>\n\t\t<\/section>\n\t\t\t\t<\/div>","protected":false},"excerpt":{"rendered":"<p>AKADEM\u0130K DERG\u0130 YAYIN H\u0130ZMETLER\u0130 Derginizi, kusursuz g\u00f6nderim s\u00fcre\u00e7lerinden k\u00fcresel tan\u0131n\u0131rl\u0131\u011fa kadar uzanan, son teknoloji yay\u0131nc\u0131l\u0131k \u00e7\u00f6z\u00fcmleriyle her ad\u0131mda m\u00fckemmel hale getiriyoruz. Daha Fazla Bilgi ve Profesyonel Dan\u0131\u015fmanl\u0131k \u0130\u00e7in Bizimle \u0130leti\u015fime Ge\u00e7in G\u00fcnl\u00fck Bar\u0131nd\u0131rma ve Web Sitesi Geli\u015ftirme Akademik dergilere y\u00f6nelik modern, kullan\u0131c\u0131 dostu, mobil uyumlu ve uluslararas\u0131 standartlara uygun web sitesi tasar\u0131m\u0131 ve bar\u0131nd\u0131rma \u00e7\u00f6z\u00fcmleri [&hellip;]<\/p>","protected":false},"author":1,"featured_media":6159,"parent":0,"menu_order":0,"comment_status":"closed","ping_status":"closed","template":"elementor_header_footer","meta":{"footnotes":""},"class_list":["post-6075","page","type-page","status-publish","has-post-thumbnail","hentry"],"_links":{"self":[{"href":"https:\/\/effectpublishing.com\/en\/wp-json\/wp\/v2\/pages\/6075","targetHints":{"allow":["GET"]}}],"collection":[{"href":"https:\/\/effectpublishing.com\/en\/wp-json\/wp\/v2\/pages"}],"about":[{"href":"https:\/\/effectpublishing.com\/en\/wp-json\/wp\/v2\/types\/page"}],"author":[{"embeddable":true,"href":"https:\/\/effectpublishing.com\/en\/wp-json\/wp\/v2\/users\/1"}],"replies":[{"embeddable":true,"href":"https:\/\/effectpublishing.com\/en\/wp-json\/wp\/v2\/comments?post=6075"}],"version-history":[{"count":33,"href":"https:\/\/effectpublishing.com\/en\/wp-json\/wp\/v2\/pages\/6075\/revisions"}],"predecessor-version":[{"id":7317,"href":"https:\/\/effectpublishing.com\/en\/wp-json\/wp\/v2\/pages\/6075\/revisions\/7317"}],"wp:featuredmedia":[{"embeddable":true,"href":"https:\/\/effectpublishing.com\/en\/wp-json\/wp\/v2\/media\/6159"}],"wp:attachment":[{"href":"https:\/\/effectpublishing.com\/en\/wp-json\/wp\/v2\/media?parent=6075"}],"curies":[{"name":"wp","href":"https:\/\/api.w.org\/{rel}","templated":true}]}}