{"id":6971,"date":"2025-01-22T22:45:22","date_gmt":"2025-01-22T19:45:22","guid":{"rendered":"https:\/\/effectpublishing.com\/?page_id=6971"},"modified":"2025-01-25T23:13:01","modified_gmt":"2025-01-25T20:13:01","slug":"academic-manuscript-form","status":"publish","type":"page","link":"https:\/\/effectpublishing.com\/en\/forms\/academic-manuscript-form\/","title":{"rendered":"Get a Quote for Your Academic Article"},"content":{"rendered":"<div data-elementor-type=\"wp-page\" data-elementor-id=\"6971\" class=\"elementor elementor-6971\">\n\t\t\t\t\t\t<section class=\"elementor-section elementor-top-section elementor-element elementor-element-c965e06 elementor-section-boxed elementor-section-height-default elementor-section-height-default\" data-id=\"c965e06\" data-element_type=\"section\" data-settings=\"{&quot;background_background&quot;:&quot;classic&quot;}\">\n\t\t\t\t\t\t<div class=\"elementor-container elementor-column-gap-default\">\n\t\t\t\t\t<div class=\"elementor-column elementor-col-100 elementor-top-column elementor-element elementor-element-cb499dd\" data-id=\"cb499dd\" data-element_type=\"column\">\n\t\t\t<div class=\"elementor-widget-wrap elementor-element-populated\">\n\t\t\t\t\t\t<div class=\"elementor-element elementor-element-e04a553 elementor-widget elementor-widget-ova_heading\" data-id=\"e04a553\" data-element_type=\"widget\" data-widget_type=\"ova_heading.default\">\n\t\t\t\t<div class=\"elementor-widget-container\">\n\t\t\t\t\t\t\t<div class=\"ova-heading\">\n\t\t\t\n\t\t\t\t\t\t\t<h3 class=\"title second_font\">Academic Manuscript Form<\/h3>\n\t\t\t\n\t\t\t\n\t\t<\/div>\n\t\t\t\t\t\t<\/div>\n\t\t\t\t<\/div>\n\t\t\t\t<div class=\"elementor-element elementor-element-8a58cf2 academicformmm elementor-widget elementor-widget-shortcode\" data-id=\"8a58cf2\" data-element_type=\"widget\" data-widget_type=\"shortcode.default\">\n\t\t\t\t<div class=\"elementor-widget-container\">\n\t\t\t\t\t\t\t<div class=\"elementor-shortcode\"><div class=\"wpforms-container wpforms-container-full wpforms-render-modern\" id=\"wpforms-7063\"><form id=\"wpforms-form-7063\" class=\"wpforms-validate wpforms-form wpforms-ajax-form\" data-formid=\"7063\" method=\"post\" enctype=\"multipart\/form-data\" action=\"\/en\/wp-json\/wp\/v2\/pages\/6971?wpforms_form_id=7063\" data-token=\"142a5096cc4817dc451135b844c39204\" data-token-time=\"1775903824\" data-trp-original-action=\"\/en\/wp-json\/wp\/v2\/pages\/6971?wpforms_form_id=7063\"><noscript class=\"wpforms-error-noscript\">Please enable JavaScript in your browser to complete this form.<\/noscript><div class=\"wpforms-hidden\" id=\"wpforms-error-noscript\">Please enable JavaScript in your browser to complete this form.<\/div><div class=\"wpforms-field-container\"><div id=\"wpforms-7063-field_41-container\" class=\"wpforms-field wpforms-field-html\" data-field-id=\"41\"><div id=\"wpforms-7063-field_41\" aria-errormessage=\"wpforms-7063-field_41-error\"><h3 class=\"title second_font\" style=\"font-size: 25px;\">Fill Out the Form and We Will Create an Offer for Your Academic Article<\/h3><\/div><\/div><div id=\"wpforms-7063-field_13-container\" class=\"wpforms-field wpforms-field-html\" data-field-id=\"13\"><div id=\"wpforms-7063-field_13\" aria-errormessage=\"wpforms-7063-field_13-error\"><div class=\"formbaslikkk\">1. Select the Services You Need<\/div><\/div><\/div><div id=\"wpforms-7063-field_40-container\" class=\"wpforms-field wpforms-field-checkbox formakacss\" data-field-id=\"40\"><fieldset><legend class=\"wpforms-field-label wpforms-label-hide\" aria-hidden=\"false\">Select the Services You Need<\/legend><ul id=\"wpforms-7063-field_40\"><li class=\"choice-1 depth-1\"><input type=\"checkbox\" id=\"wpforms-7063-field_40_1\" name=\"wpforms[fields][40][]\" value=\"Dil D\u00fczenleme ve D\u00fczeltme\" aria-errormessage=\"wpforms-7063-field_40_1-error\"  ><label class=\"wpforms-field-label-inline\" for=\"wpforms-7063-field_40_1\">Language Editing and Proofreading<\/label><\/li><li class=\"choice-2 depth-1\"><input type=\"checkbox\" id=\"wpforms-7063-field_40_2\" name=\"wpforms[fields][40][]\" value=\"\u00c7eviri Hizmetleri\" aria-errormessage=\"wpforms-7063-field_40_2-error\"  ><label class=\"wpforms-field-label-inline\" for=\"wpforms-7063-field_40_2\">Translation Services<\/label><\/li><li class=\"choice-3 depth-1\"><input type=\"checkbox\" id=\"wpforms-7063-field_40_3\" name=\"wpforms[fields][40][]\" value=\"Yap\u0131sal D\u00fczenleme\" aria-errormessage=\"wpforms-7063-field_40_3-error\"  ><label class=\"wpforms-field-label-inline\" for=\"wpforms-7063-field_40_3\">Structural Adjustment<\/label><\/li><li class=\"choice-4 depth-1\"><input type=\"checkbox\" id=\"wpforms-7063-field_40_4\" name=\"wpforms[fields][40][]\" value=\"\u0130statistiksel Analiz ve Veri Do\u011frulama\" aria-errormessage=\"wpforms-7063-field_40_4-error\"  ><label class=\"wpforms-field-label-inline\" for=\"wpforms-7063-field_40_4\">Statistical Analysis and Data Validation<\/label><\/li><li class=\"choice-5 depth-1\"><input type=\"checkbox\" id=\"wpforms-7063-field_40_5\" name=\"wpforms[fields][40][]\" value=\"\u0130ntihal Tespiti ve Revizyon\" aria-errormessage=\"wpforms-7063-field_40_5-error\"  ><label class=\"wpforms-field-label-inline\" for=\"wpforms-7063-field_40_5\">Plagiarism Detection and Revision<\/label><\/li><li class=\"choice-6 depth-1\"><input type=\"checkbox\" id=\"wpforms-7063-field_40_6\" name=\"wpforms[fields][40][]\" value=\"Dergiye \u00d6zg\u00fc Bi\u00e7imlendirme\" aria-errormessage=\"wpforms-7063-field_40_6-error\"  ><label class=\"wpforms-field-label-inline\" for=\"wpforms-7063-field_40_6\">Journal Specific Formatting<\/label><\/li><li class=\"choice-7 depth-1\"><input type=\"checkbox\" id=\"wpforms-7063-field_40_7\" name=\"wpforms[fields][40][]\" value=\"\u015eekil ve Tablo Optimizasyonu\" aria-errormessage=\"wpforms-7063-field_40_7-error\"  ><label class=\"wpforms-field-label-inline\" for=\"wpforms-7063-field_40_7\">Shape and Table Optimization<\/label><\/li><li class=\"choice-8 depth-1\"><input type=\"checkbox\" id=\"wpforms-7063-field_40_8\" name=\"wpforms[fields][40][]\" value=\"\u00d6n Yaz\u0131 ve Destekleyici Belgeler\" aria-errormessage=\"wpforms-7063-field_40_8-error\"  ><label class=\"wpforms-field-label-inline\" for=\"wpforms-7063-field_40_8\">Cover Letter and Supporting Documents<\/label><\/li><li class=\"choice-9 depth-1\"><input type=\"checkbox\" id=\"wpforms-7063-field_40_9\" name=\"wpforms[fields][40][]\" value=\"G\u00f6nderim \u00d6ncesi Akran De\u011ferlendirmesi\" aria-errormessage=\"wpforms-7063-field_40_9-error\"  ><label class=\"wpforms-field-label-inline\" for=\"wpforms-7063-field_40_9\">Pre-Submission Peer Review<\/label><\/li><li class=\"choice-10 depth-1\"><input type=\"checkbox\" id=\"wpforms-7063-field_40_10\" name=\"wpforms[fields][40][]\" value=\"Kabul Sonras\u0131 Revizyonlar\" aria-errormessage=\"wpforms-7063-field_40_10-error\"  ><label class=\"wpforms-field-label-inline\" for=\"wpforms-7063-field_40_10\">Post-Acceptance Revisions<\/label><\/li><\/ul><\/fieldset><\/div><div id=\"wpforms-7063-field_12-container\" class=\"wpforms-field wpforms-field-html\" data-field-id=\"12\"><div id=\"wpforms-7063-field_12\" aria-errormessage=\"wpforms-7063-field_12-error\"><div class=\"formbaslikkk\">2. Manuscript Information<\/div><\/div><\/div><div id=\"wpforms-7063-field_16-container\" class=\"wpforms-field wpforms-field-text\" data-field-id=\"16\"><label class=\"wpforms-field-label\" for=\"wpforms-7063-field_16\">Research Area<\/label><input type=\"text\" id=\"wpforms-7063-field_16\" class=\"wpforms-field-large\" name=\"wpforms[fields][16]\" aria-errormessage=\"wpforms-7063-field_16-error\" aria-describedby=\"wpforms-7063-field_16-description\" ><div id=\"wpforms-7063-field_16-description\" class=\"wpforms-field-description\">(Ex: Medicine, Engineering, Social Sciences)<\/div><\/div><div id=\"wpforms-7063-field_17-container\" class=\"wpforms-field wpforms-field-text\" data-field-id=\"17\"><label class=\"wpforms-field-label\" for=\"wpforms-7063-field_17\">Target Journal<\/label><input type=\"text\" id=\"wpforms-7063-field_17\" class=\"wpforms-field-large\" name=\"wpforms[fields][17]\" aria-errormessage=\"wpforms-7063-field_17-error\" aria-describedby=\"wpforms-7063-field_17-description\" ><div id=\"wpforms-7063-field_17-description\" class=\"wpforms-field-description\">(Journal name or formatting requirements)<\/div><\/div><div id=\"wpforms-7063-field_18-container\" class=\"wpforms-field wpforms-field-text\" data-field-id=\"18\"><label class=\"wpforms-field-label\" for=\"wpforms-7063-field_18\">Number of Words<\/label><input type=\"text\" id=\"wpforms-7063-field_18\" class=\"wpforms-field-large\" name=\"wpforms[fields][18]\" aria-errormessage=\"wpforms-7063-field_18-error\" aria-describedby=\"wpforms-7063-field_18-description\" ><div id=\"wpforms-7063-field_18-description\" class=\"wpforms-field-description\">(Approximate total word count)<\/div><\/div><div id=\"wpforms-7063-field_19-container\" class=\"wpforms-field wpforms-field-text\" data-field-id=\"19\"><label class=\"wpforms-field-label\" for=\"wpforms-7063-field_19\">Delivery Time<\/label><input type=\"text\" id=\"wpforms-7063-field_19\" class=\"wpforms-field-large\" name=\"wpforms[fields][19]\" aria-errormessage=\"wpforms-7063-field_19-error\" aria-describedby=\"wpforms-7063-field_19-description\" ><div id=\"wpforms-7063-field_19-description\" class=\"wpforms-field-description\">(The time period you want the service to be completed)<\/div><\/div><div id=\"wpforms-7063-field_20-container\" class=\"wpforms-field wpforms-field-html\" data-field-id=\"20\"><div id=\"wpforms-7063-field_20\" aria-errormessage=\"wpforms-7063-field_20-error\"><div class=\"formbaslikkk\">3. Special Requests and Additional Information<\/div><\/div><\/div><div id=\"wpforms-7063-field_21-container\" class=\"wpforms-field wpforms-field-textarea\" data-field-id=\"21\"><label class=\"wpforms-field-label\" for=\"wpforms-7063-field_21\">Your Extra Notes or Requests<\/label><textarea id=\"wpforms-7063-field_21\" class=\"wpforms-field-medium\" name=\"wpforms[fields][21]\" aria-errormessage=\"wpforms-7063-field_21-error\" aria-describedby=\"wpforms-7063-field_21-description\" ><\/textarea><div id=\"wpforms-7063-field_21-description\" class=\"wpforms-field-description\">(For example: You can write your needs here, such as the target journal's reference style, visual editing details, and focusing on certain sections.)<\/div><\/div><div id=\"wpforms-7063-field_22-container\" class=\"wpforms-field wpforms-field-html\" data-field-id=\"22\"><div id=\"wpforms-7063-field_22\" aria-errormessage=\"wpforms-7063-field_22-error\"><div class=\"formbaslikkk\">4. Your Contact Information<\/div><\/div><\/div><div id=\"wpforms-7063-field_23-container\" class=\"wpforms-field wpforms-field-text\" data-field-id=\"23\"><label class=\"wpforms-field-label\" for=\"wpforms-7063-field_23\">Your Name and Surname <span class=\"wpforms-required-label\" aria-hidden=\"true\">*<\/span><\/label><input type=\"text\" id=\"wpforms-7063-field_23\" class=\"wpforms-field-large wpforms-field-required\" name=\"wpforms[fields][23]\" aria-errormessage=\"wpforms-7063-field_23-error\" required><\/div><div id=\"wpforms-7063-field_25-container\" class=\"wpforms-field wpforms-field-email\" data-field-id=\"25\"><label class=\"wpforms-field-label\" for=\"wpforms-7063-field_25\">Your Email Address <span class=\"wpforms-required-label\" aria-hidden=\"true\">*<\/span><\/label><input type=\"email\" id=\"wpforms-7063-field_25\" class=\"wpforms-field-large wpforms-field-required\" name=\"wpforms[fields][25]\" spellcheck=\"false\" aria-errormessage=\"wpforms-7063-field_25-error\" required><\/div><div id=\"wpforms-7063-field_26-container\" class=\"wpforms-field wpforms-field-phone\" data-field-id=\"26\"><label class=\"wpforms-field-label\" for=\"wpforms-7063-field_26\">Your Phone Number <span class=\"wpforms-required-label\" aria-hidden=\"true\">*<\/span><\/label><input type=\"tel\" id=\"wpforms-7063-field_26\" class=\"wpforms-field-large wpforms-field-required wpforms-smart-phone-field\" data-rule-smart-phone-field=\"true\" name=\"wpforms[fields][26]\" aria-label=\"Your Phone Number\" aria-errormessage=\"wpforms-7063-field_26-error\" required><\/div><div id=\"wpforms-7063-field_27-container\" class=\"wpforms-field wpforms-field-html\" data-field-id=\"27\"><div id=\"wpforms-7063-field_27\" aria-errormessage=\"wpforms-7063-field_27-error\"><div class=\"formbaslikkk\">5. File Upload<\/div><\/div><\/div><div id=\"wpforms-7063-field_28-container\" class=\"wpforms-field wpforms-field-file-upload\" data-field-id=\"28\"><label class=\"wpforms-field-label\" for=\"wpforms-7063-field_28\">Upload Your Manuscript or Additional Documents <span class=\"wpforms-required-label\" aria-hidden=\"true\">*<\/span><\/label><div\n\t\tclass=\"wpforms-uploader\"\n\t\tdata-field-id=\"28\"\n\t\tdata-form-id=\"7063\"\n\t\tdata-input-name=\"wpforms_7063_28\"\n\t\tdata-extensions=\"doc,docx,pdf,xls,png\"\n\t\tdata-max-size=\"10485760\"\n\t\tdata-max-file-number=\"1\"\n\t\tdata-post-max-size=\"15728640\"\n\t\tdata-max-parallel-uploads=\"4\"\n\t\tdata-parallel-uploads=\"true\"\n\t\tdata-file-chunk-size=\"2097152\">\n\t<div class=\"dz-message\">\n\t\t<svg viewbox=\"0 0 1024 1024\" focusable=\"false\" data-icon=\"inbox\" width=\"50px\" height=\"50px\" fill=\"currentColor\" aria-hidden=\"true\">\n\t\t\t<path d=\"M885.2 446.3l-.2-.8-112.2-285.1c-5-16.1-19.9-27.2-36.8-27.2H281.2c-17 0-32.1 11.3-36.9 27.6L139.4 443l-.3.7-.2.8c-1.3 4.9-1.7 9.9-1 14.8-.1 1.6-.2 3.2-.2 4.8V830a60.9 60.9 0 0 0 60.8 60.8h627.2c33.5 0 60.8-27.3 60.9-60.8V464.1c0-1.3 0-2.6-.1-3.7.4-4.9 0-9.6-1.3-14.1zm-295.8-43l-.3 15.7c-.8 44.9-31.8 75.1-77.1 75.1-22.1 0-41.1-7.1-54.8-20.6S436 441.2 435.6 419l-.3-15.7H229.5L309 210h399.2l81.7 193.3H589.4zm-375 76.8h157.3c24.3 57.1 76 90.8 140.4 90.8 33.7 0 65-9.4 90.3-27.2 22.2-15.6 39.5-37.4 50.7-63.6h156.5V814H214.4V480.1z\"><\/path>\n\t\t<\/svg>\n\t\t<span class=\"modern-title\">Click or drag a file to this area to upload.<\/span>\n\n\t\t\t<\/div>\n<\/div>\n<input\n\t\ttype=\"text\"\n\t\tautocomplete=\"off\"\n\t\treadonly\n\t\tclass=\"dropzone-input\"\n\t\tstyle=\"position:absolute!important;clip:rect(0,0,0,0)!important;height:1px!important;width:1px!important;border:0!important;overflow:hidden!important;padding:0!important;margin:0!important;\"\n\t\tid=\"wpforms-7063-field_28\"\n\t\tname=\"wpforms_7063_28\" required\t\tvalue=\"\">\n<div id=\"wpforms-7063-field_28-description\" class=\"wpforms-field-description\">(File formats: .doc, .docx, .pdf, .xls, .png)<\/div><\/div><div id=\"wpforms-7063-field_29-container\" class=\"wpforms-field wpforms-field-html\" data-field-id=\"29\"><div id=\"wpforms-7063-field_29\" aria-errormessage=\"wpforms-7063-field_29-error\"><div class=\"formbaslikkk\">6. Submission and Approval<\/div><\/div><\/div><div id=\"wpforms-7063-field_30-container\" class=\"wpforms-field wpforms-field-checkbox\" data-field-id=\"30\"><fieldset><legend class=\"wpforms-field-label\">Terms of Service Consent <span class=\"wpforms-required-label\" aria-hidden=\"true\">*<\/span><\/legend><ul id=\"wpforms-7063-field_30\" class=\"wpforms-field-required\"><li class=\"choice-1 depth-1\"><input type=\"checkbox\" id=\"wpforms-7063-field_30_1\" name=\"wpforms[fields][30][]\" value=\"Hizmet ko\u015fullar\u0131n\u0131 ve gizlilik politikas\u0131n\u0131 okudum ve kabul ediyorum.\" aria-errormessage=\"wpforms-7063-field_30_1-error\" required><label class=\"wpforms-field-label-inline\" for=\"wpforms-7063-field_30_1\">I have read and accept the terms of service and privacy policy.<\/label><\/li><\/ul><\/fieldset><\/div><\/div><!-- .wpforms-field-container --><div class=\"wpforms-recaptcha-container wpforms-is-recaptcha wpforms-is-recaptcha-type-v3\" ><input type=\"hidden\" name=\"wpforms[recaptcha]\" value=\"\"><\/div><div class=\"wpforms-submit-container\" ><input type=\"hidden\" name=\"wpforms[id]\" value=\"7063\"><input type=\"hidden\" name=\"page_title\" value=\"\"><input type=\"hidden\" name=\"page_url\" value=\"https:\/\/effectpublishing.com\/en\/wp-json\/wp\/v2\/pages\/6971\"><button type=\"submit\" name=\"wpforms[submit]\" id=\"wpforms-submit-7063\" class=\"wpforms-submit\" data-alt-text=\"G\u00f6nderiliyor...\" data-submit-text=\"Teklif Al\" aria-live=\"assertive\" value=\"wpforms-submit\">Get Offer<\/button><img decoding=\"async\" src=\"https:\/\/effectpublishing.com\/wp-content\/plugins\/wpforms\/assets\/images\/submit-spin.svg\" class=\"wpforms-submit-spinner\" style=\"display: none;\" width=\"26\" height=\"26\" alt=\"Loading\"><\/div><input type=\"hidden\" name=\"trp-form-language\" value=\"en\"\/><\/form><\/div>  <!-- .wpforms-container --><\/div>\n\t\t\t\t\t\t<\/div>\n\t\t\t\t<\/div>\n\t\t\t\t\t<\/div>\n\t\t<\/div>\n\t\t\t\t\t<\/div>\n\t\t<\/section>\n\t\t\t\t<\/div>","protected":false},"excerpt":{"rendered":"<p>Academic Manuscript Form<\/p>","protected":false},"author":1,"featured_media":6137,"parent":6948,"menu_order":0,"comment_status":"closed","ping_status":"closed","template":"elementor_header_footer","meta":{"footnotes":""},"class_list":["post-6971","page","type-page","status-publish","has-post-thumbnail","hentry"],"_links":{"self":[{"href":"https:\/\/effectpublishing.com\/en\/wp-json\/wp\/v2\/pages\/6971","targetHints":{"allow":["GET"]}}],"collection":[{"href":"https:\/\/effectpublishing.com\/en\/wp-json\/wp\/v2\/pages"}],"about":[{"href":"https:\/\/effectpublishing.com\/en\/wp-json\/wp\/v2\/types\/page"}],"author":[{"embeddable":true,"href":"https:\/\/effectpublishing.com\/en\/wp-json\/wp\/v2\/users\/1"}],"replies":[{"embeddable":true,"href":"https:\/\/effectpublishing.com\/en\/wp-json\/wp\/v2\/comments?post=6971"}],"version-history":[{"count":1,"href":"https:\/\/effectpublishing.com\/en\/wp-json\/wp\/v2\/pages\/6971\/revisions"}],"predecessor-version":[{"id":7367,"href":"https:\/\/effectpublishing.com\/en\/wp-json\/wp\/v2\/pages\/6971\/revisions\/7367"}],"up":[{"embeddable":true,"href":"https:\/\/effectpublishing.com\/en\/wp-json\/wp\/v2\/pages\/6948"}],"wp:featuredmedia":[{"embeddable":true,"href":"https:\/\/effectpublishing.com\/en\/wp-json\/wp\/v2\/media\/6137"}],"wp:attachment":[{"href":"https:\/\/effectpublishing.com\/en\/wp-json\/wp\/v2\/media?parent=6971"}],"curies":[{"name":"wp","href":"https:\/\/api.w.org\/{rel}","templated":true}]}}